{"id":10413,"date":"2023-12-05T11:28:31","date_gmt":"2023-12-05T10:28:31","guid":{"rendered":"https:\/\/displeu.dev.osalliance.com\/?page_id=10413"},"modified":"2023-12-05T11:31:28","modified_gmt":"2023-12-05T10:31:28","slug":"articles","status":"publish","type":"page","link":"https:\/\/displeu.dev.osalliance.com\/de\/articles\/","title":{"rendered":"Articles"},"content":{"rendered":"\t\t<div data-elementor-type=\"wp-page\" data-elementor-id=\"10413\" class=\"elementor elementor-10413\" data-elementor-post-type=\"page\">\n\t\t\t\t<div class=\"elementor-element elementor-element-42fb15f e-flex e-con-boxed e-con e-parent\" data-id=\"42fb15f\" data-element_type=\"container\">\n\t\t\t\t\t<div class=\"e-con-inner\">\n\t\t\t\t<div class=\"elementor-element elementor-element-907ee1b elementor-grid-3 elementor-grid-tablet-2 elementor-grid-mobile-1 elementor-posts--thumbnail-top elementor-widget elementor-widget-posts\" data-id=\"907ee1b\" data-element_type=\"widget\" data-settings=\"{&quot;classic_columns&quot;:&quot;3&quot;,&quot;classic_columns_tablet&quot;:&quot;2&quot;,&quot;classic_columns_mobile&quot;:&quot;1&quot;,&quot;classic_row_gap&quot;:{&quot;unit&quot;:&quot;px&quot;,&quot;size&quot;:35,&quot;sizes&quot;:[]},&quot;classic_row_gap_tablet&quot;:{&quot;unit&quot;:&quot;px&quot;,&quot;size&quot;:&quot;&quot;,&quot;sizes&quot;:[]},&quot;classic_row_gap_mobile&quot;:{&quot;unit&quot;:&quot;px&quot;,&quot;size&quot;:&quot;&quot;,&quot;sizes&quot;:[]}}\" data-widget_type=\"posts.classic\">\n\t\t\t\t<div class=\"elementor-widget-container\">\n\t\t\t\t\t<div class=\"elementor-posts-container elementor-posts elementor-posts--skin-classic elementor-grid\">\n\t\t\t\t<article class=\"elementor-post elementor-grid-item post-13109 article type-article status-publish hentry\">\n\t\t\t\t<div class=\"elementor-post__text\">\n\t\t\t\t<h3 class=\"elementor-post__title\">\n\t\t\t<a href=\"https:\/\/displeu.dev.osalliance.com\/de\/article\/der-europaische-pavillon-2024-liquid-becomings-imagining-the-future-of-europe\/\" >\n\t\t\t\tDer Europ\u00e4ische Pavillon 2024: Liquid Becomings | Imagining the Future of Europe\t\t\t<\/a>\n\t\t<\/h3>\n\t\t\t\t<div class=\"elementor-post__meta-data\">\n\t\t\t\t\t<span class=\"elementor-post-date\">\n\t\t\tNovember 7, 2024\t\t<\/span>\n\t\t\t\t<span class=\"elementor-post-avatar\">\n\t\t\tKeine Kommentare\t\t<\/span>\n\t\t\t\t<\/div>\n\t\t\t\t<div class=\"elementor-post__excerpt\">\n\t\t\t<p>Unter dem Motto Imagining the Future of Europe schlie\u00dft das Festival The European Pavilion 2024: Liquid Becomings\u201c, das vom 7. bis 9. November in Lissabon<\/p>\n\t\t<\/div>\n\t\t\n\t\t<a class=\"elementor-post__read-more\" href=\"https:\/\/displeu.dev.osalliance.com\/de\/article\/der-europaische-pavillon-2024-liquid-becomings-imagining-the-future-of-europe\/\" aria-label=\"Mehr \u00fcber Der Europ\u00e4ische Pavillon 2024: Liquid Becomings | Imagining the Future of Europe\" tabindex=\"-1\" >\n\t\t\tRead More \u00bb\t\t<\/a>\n\n\t\t\t\t<\/div>\n\t\t\t\t<\/article>\n\t\t\t\t<article class=\"elementor-post elementor-grid-item post-13104 article type-article status-publish hentry\">\n\t\t\t\t<div class=\"elementor-post__text\">\n\t\t\t\t<h3 class=\"elementor-post__title\">\n\t\t\t<a href=\"https:\/\/displeu.dev.osalliance.com\/de\/article\/freies-palastina-der-schrei-des-nachsten-hirak-in-tunesien\/\" >\n\t\t\t\tFreies Pal\u00e4stina\u201c: Der Schrei des n\u00e4chsten Hirak in Tunesien?\t\t\t<\/a>\n\t\t<\/h3>\n\t\t\t\t<div class=\"elementor-post__meta-data\">\n\t\t\t\t\t<span class=\"elementor-post-date\">\n\t\t\tAugust 28, 2024\t\t<\/span>\n\t\t\t\t<span class=\"elementor-post-avatar\">\n\t\t\tKeine Kommentare\t\t<\/span>\n\t\t\t\t<\/div>\n\t\t\t\t<div class=\"elementor-post__excerpt\">\n\t\t\t<p>Mit mehr als 30.000 Toten, der Vertreibung von 1,4 Millionen Menschen und einer Hungersnot f\u00fcr eine Bev\u00f6lkerung, die bereits unter der 16-j\u00e4hrigen Blockade leidet, hat<\/p>\n\t\t<\/div>\n\t\t\n\t\t<a class=\"elementor-post__read-more\" href=\"https:\/\/displeu.dev.osalliance.com\/de\/article\/freies-palastina-der-schrei-des-nachsten-hirak-in-tunesien\/\" aria-label=\"Mehr \u00fcber Freies Pal\u00e4stina\u201c: Der Schrei des n\u00e4chsten Hirak in Tunesien?\" tabindex=\"-1\" >\n\t\t\tRead More \u00bb\t\t<\/a>\n\n\t\t\t\t<\/div>\n\t\t\t\t<\/article>\n\t\t\t\t<article class=\"elementor-post elementor-grid-item post-13102 article type-article status-publish hentry author-displeu_admin\">\n\t\t\t\t<div class=\"elementor-post__text\">\n\t\t\t\t<h3 class=\"elementor-post__title\">\n\t\t\t<a href=\"https:\/\/displeu.dev.osalliance.com\/de\/article\/polen-nach-den-europawahlen-demokraten-gewinnen-aber-demokratische-werte-verlieren\/\" >\n\t\t\t\tPolen nach den Europawahlen: Demokraten gewinnen, aber demokratische Werte verlieren\t\t\t<\/a>\n\t\t<\/h3>\n\t\t\t\t<div class=\"elementor-post__meta-data\">\n\t\t\t\t\t<span class=\"elementor-post-date\">\n\t\t\tJuli 18, 2024\t\t<\/span>\n\t\t\t\t<span class=\"elementor-post-avatar\">\n\t\t\tKeine Kommentare\t\t<\/span>\n\t\t\t\t<\/div>\n\t\t\t\t<div class=\"elementor-post__excerpt\">\n\t\t\t<p>Vielleicht k\u00f6nnen die Politiker nach der Wahlpause ihre populistischen Masken ablegen und die KO wird sich endlich der demokratischen Werte besinnen, die Regierung wird weiter<\/p>\n\t\t<\/div>\n\t\t\n\t\t<a class=\"elementor-post__read-more\" href=\"https:\/\/displeu.dev.osalliance.com\/de\/article\/polen-nach-den-europawahlen-demokraten-gewinnen-aber-demokratische-werte-verlieren\/\" aria-label=\"Mehr \u00fcber Polen nach den Europawahlen: Demokraten gewinnen, aber demokratische Werte verlieren\" tabindex=\"-1\" >\n\t\t\tRead More \u00bb\t\t<\/a>\n\n\t\t\t\t<\/div>\n\t\t\t\t<\/article>\n\t\t\t\t<article class=\"elementor-post elementor-grid-item post-13101 article type-article status-publish hentry author-displeu_admin\">\n\t\t\t\t<div class=\"elementor-post__text\">\n\t\t\t\t<h3 class=\"elementor-post__title\">\n\t\t\t<a href=\"https:\/\/displeu.dev.osalliance.com\/de\/article\/kooperation-oder-neokolonialismus\/\" >\n\t\t\t\tKooperation oder Neokolonialismus?\t\t\t<\/a>\n\t\t<\/h3>\n\t\t\t\t<div class=\"elementor-post__meta-data\">\n\t\t\t\t\t<span class=\"elementor-post-date\">\n\t\t\tJuli 18, 2024\t\t<\/span>\n\t\t\t\t<span class=\"elementor-post-avatar\">\n\t\t\tKeine Kommentare\t\t<\/span>\n\t\t\t\t<\/div>\n\t\t\t\t<div class=\"elementor-post__excerpt\">\n\t\t\t<p>In den letzten Jahren hat die Europ\u00e4ische Union (EU) ihre Position als globaler Akteur gefestigt\u00a0angespornt durch akute Herausforderungen wie die COVID-19-Pandemie und den anhaltenden Konflikt<\/p>\n\t\t<\/div>\n\t\t\n\t\t<a class=\"elementor-post__read-more\" href=\"https:\/\/displeu.dev.osalliance.com\/de\/article\/kooperation-oder-neokolonialismus\/\" aria-label=\"Mehr \u00fcber Kooperation oder Neokolonialismus?\" tabindex=\"-1\" >\n\t\t\tRead More \u00bb\t\t<\/a>\n\n\t\t\t\t<\/div>\n\t\t\t\t<\/article>\n\t\t\t\t<article class=\"elementor-post elementor-grid-item post-13100 article type-article status-publish hentry author-displeu_admin\">\n\t\t\t\t<div class=\"elementor-post__text\">\n\t\t\t\t<h3 class=\"elementor-post__title\">\n\t\t\t<a href=\"https:\/\/displeu.dev.osalliance.com\/de\/article\/ein-weiteres-new-great-game\/\" >\n\t\t\t\tEin weiteres \u201aNew Great Game\u2018?\t\t\t<\/a>\n\t\t<\/h3>\n\t\t\t\t<div class=\"elementor-post__meta-data\">\n\t\t\t\t\t<span class=\"elementor-post-date\">\n\t\t\tJuli 18, 2024\t\t<\/span>\n\t\t\t\t<span class=\"elementor-post-avatar\">\n\t\t\tKeine Kommentare\t\t<\/span>\n\t\t\t\t<\/div>\n\t\t\t\t<div class=\"elementor-post__excerpt\">\n\t\t\t<p>W\u00e4hrend Russland seine brutale Invasion in der Ukraine fortsetzt und die EU mit einer Energiekrise ringt, hat die Europ\u00e4ische Union sichtbare Schritte unternommen, um engere<\/p>\n\t\t<\/div>\n\t\t\n\t\t<a class=\"elementor-post__read-more\" href=\"https:\/\/displeu.dev.osalliance.com\/de\/article\/ein-weiteres-new-great-game\/\" aria-label=\"Mehr \u00fcber Ein weiteres \u201aNew Great Game\u2018?\" tabindex=\"-1\" >\n\t\t\tRead More \u00bb\t\t<\/a>\n\n\t\t\t\t<\/div>\n\t\t\t\t<\/article>\n\t\t\t\t<article class=\"elementor-post elementor-grid-item post-13099 article type-article status-publish hentry author-displeu_admin\">\n\t\t\t\t<div class=\"elementor-post__text\">\n\t\t\t\t<h3 class=\"elementor-post__title\">\n\t\t\t<a href=\"https:\/\/displeu.dev.osalliance.com\/de\/article\/inwieweit-wird-bruessel-mit-den-stimmen-der-extremen-rechten-rechnen-muessen\/\" >\n\t\t\t\tInwieweit wird Br\u00fcssel mit den Stimmen der extremen Rechten rechnen m\u00fcssen?\t\t\t<\/a>\n\t\t<\/h3>\n\t\t\t\t<div class=\"elementor-post__meta-data\">\n\t\t\t\t\t<span class=\"elementor-post-date\">\n\t\t\tJuli 18, 2024\t\t<\/span>\n\t\t\t\t<span class=\"elementor-post-avatar\">\n\t\t\tKeine Kommentare\t\t<\/span>\n\t\t\t\t<\/div>\n\t\t\t\t<div class=\"elementor-post__excerpt\">\n\t\t\t<p>Kaja Puto: Europas extreme Rechte kann mit einem Erfolg bei den Europawahlen rechnen. Wenn es nach den Umfragen geht, k\u00f6nnten es insgesamt mehr als 160<\/p>\n\t\t<\/div>\n\t\t\n\t\t<a class=\"elementor-post__read-more\" href=\"https:\/\/displeu.dev.osalliance.com\/de\/article\/inwieweit-wird-bruessel-mit-den-stimmen-der-extremen-rechten-rechnen-muessen\/\" aria-label=\"Mehr \u00fcber Inwieweit wird Br\u00fcssel mit den Stimmen der extremen Rechten rechnen m\u00fcssen?\" tabindex=\"-1\" >\n\t\t\tRead More \u00bb\t\t<\/a>\n\n\t\t\t\t<\/div>\n\t\t\t\t<\/article>\n\t\t\t\t<\/div>\n\t\t\n\t\t\t\t<\/div>\n\t\t\t\t<\/div>\n\t\t\t\t\t<\/div>\n\t\t\t\t<\/div>\n\t\t\t\t<\/div>\n\t\t","protected":false},"excerpt":{"rendered":"","protected":false},"author":1,"featured_media":0,"parent":0,"menu_order":0,"comment_status":"closed","ping_status":"closed","template":"elementor_header_footer","meta":{"_acf_changed":false,"footnotes":""},"class_list":["post-10413","page","type-page","status-publish","hentry"],"acf":[],"_links":{"self":[{"href":"https:\/\/displeu.dev.osalliance.com\/de\/wp-json\/wp\/v2\/pages\/10413","targetHints":{"allow":["GET"]}}],"collection":[{"href":"https:\/\/displeu.dev.osalliance.com\/de\/wp-json\/wp\/v2\/pages"}],"about":[{"href":"https:\/\/displeu.dev.osalliance.com\/de\/wp-json\/wp\/v2\/types\/page"}],"author":[{"embeddable":true,"href":"https:\/\/displeu.dev.osalliance.com\/de\/wp-json\/wp\/v2\/users\/1"}],"replies":[{"embeddable":true,"href":"https:\/\/displeu.dev.osalliance.com\/de\/wp-json\/wp\/v2\/comments?post=10413"}],"version-history":[{"count":0,"href":"https:\/\/displeu.dev.osalliance.com\/de\/wp-json\/wp\/v2\/pages\/10413\/revisions"}],"wp:attachment":[{"href":"https:\/\/displeu.dev.osalliance.com\/de\/wp-json\/wp\/v2\/media?parent=10413"}],"curies":[{"name":"wp","href":"https:\/\/api.w.org\/{rel}","templated":true}]}}