{"id":10415,"date":"2023-12-05T11:29:19","date_gmt":"2023-12-05T10:29:19","guid":{"rendered":"https:\/\/displeu.dev.osalliance.com\/?page_id=10415"},"modified":"2023-12-05T11:31:35","modified_gmt":"2023-12-05T10:31:35","slug":"videos","status":"publish","type":"page","link":"https:\/\/displeu.dev.osalliance.com\/de\/videos\/","title":{"rendered":"Videos"},"content":{"rendered":"\t\t<div data-elementor-type=\"wp-page\" data-elementor-id=\"10415\" class=\"elementor elementor-10415\" data-elementor-post-type=\"page\">\n\t\t\t\t<div class=\"elementor-element elementor-element-870012c e-flex e-con-boxed e-con e-parent\" data-id=\"870012c\" data-element_type=\"container\">\n\t\t\t\t\t<div class=\"e-con-inner\">\n\t\t\t\t<div class=\"elementor-element elementor-element-61cdfac elementor-grid-3 elementor-grid-tablet-2 elementor-grid-mobile-1 elementor-posts--thumbnail-top elementor-widget elementor-widget-posts\" data-id=\"61cdfac\" data-element_type=\"widget\" data-settings=\"{&quot;classic_columns&quot;:&quot;3&quot;,&quot;classic_columns_tablet&quot;:&quot;2&quot;,&quot;classic_columns_mobile&quot;:&quot;1&quot;,&quot;classic_row_gap&quot;:{&quot;unit&quot;:&quot;px&quot;,&quot;size&quot;:35,&quot;sizes&quot;:[]},&quot;classic_row_gap_tablet&quot;:{&quot;unit&quot;:&quot;px&quot;,&quot;size&quot;:&quot;&quot;,&quot;sizes&quot;:[]},&quot;classic_row_gap_mobile&quot;:{&quot;unit&quot;:&quot;px&quot;,&quot;size&quot;:&quot;&quot;,&quot;sizes&quot;:[]}}\" data-widget_type=\"posts.classic\">\n\t\t\t\t<div class=\"elementor-widget-container\">\n\t\t\t\t\t<div class=\"elementor-posts-container elementor-posts elementor-posts--skin-classic elementor-grid\">\n\t\t\t\t<article class=\"elementor-post elementor-grid-item post-11566 video type-video status-publish hentry author-displeu_admin\">\n\t\t\t\t<div class=\"elementor-post__text\">\n\t\t\t\t<h3 class=\"elementor-post__title\">\n\t\t\t<a href=\"https:\/\/displeu.dev.osalliance.com\/de\/video\/alkohol-ist-ein-symptom-nicht-das-problem\/\" >\n\t\t\t\tAlkohol ist ein Symptom, nicht das Problem\t\t\t<\/a>\n\t\t<\/h3>\n\t\t\t\t<div class=\"elementor-post__meta-data\">\n\t\t\t\t\t<span class=\"elementor-post-date\">\n\t\t\tM\u00e4rz 19, 2024\t\t<\/span>\n\t\t\t\t<span class=\"elementor-post-avatar\">\n\t\t\tKeine Kommentare\t\t<\/span>\n\t\t\t\t<\/div>\n\t\t\t\t<div class=\"elementor-post__excerpt\">\n\t\t\t<p>Den Europ\u00e4ern f\u00e4llt es schwer, ihren Alkoholkonsum zu z\u00fcgeln, und dieser Kontinent steht weltweit an der Spitze der Trinkercharts. Liegt es an der Natur, der<\/p>\n\t\t<\/div>\n\t\t\n\t\t<a class=\"elementor-post__read-more\" href=\"https:\/\/displeu.dev.osalliance.com\/de\/video\/alkohol-ist-ein-symptom-nicht-das-problem\/\" aria-label=\"Mehr \u00fcber Alkohol ist ein Symptom, nicht das Problem\" tabindex=\"-1\" >\n\t\t\tRead More \u00bb\t\t<\/a>\n\n\t\t\t\t<\/div>\n\t\t\t\t<\/article>\n\t\t\t\t<article class=\"elementor-post elementor-grid-item post-10619 video type-video status-publish has-post-thumbnail hentry author-displeu_admin\">\n\t\t\t\t<a class=\"elementor-post__thumbnail__link\" href=\"https:\/\/displeu.dev.osalliance.com\/de\/video\/lithuanian-government-person-found-in-house\/\" tabindex=\"-1\" >\n\t\t\t<div class=\"elementor-post__thumbnail\"><img fetchpriority=\"high\" decoding=\"async\" width=\"300\" height=\"169\" src=\"https:\/\/displeu.dev.osalliance.com\/wp-content\/uploads\/2023\/10\/Zrzut-ekranu-2023-10-2-o-10.56.41-scaled-j4LItA-300x169.jpeg\" class=\"attachment-medium size-medium wp-image-6723\" alt=\"\" srcset=\"https:\/\/displeu.dev.osalliance.com\/wp-content\/uploads\/2023\/10\/Zrzut-ekranu-2023-10-2-o-10.56.41-scaled-j4LItA-300x169.jpeg 300w, https:\/\/displeu.dev.osalliance.com\/wp-content\/uploads\/2023\/10\/Zrzut-ekranu-2023-10-2-o-10.56.41-scaled-j4LItA-1024x576.jpeg 1024w, https:\/\/displeu.dev.osalliance.com\/wp-content\/uploads\/2023\/10\/Zrzut-ekranu-2023-10-2-o-10.56.41-scaled-j4LItA-768x432.jpeg 768w, https:\/\/displeu.dev.osalliance.com\/wp-content\/uploads\/2023\/10\/Zrzut-ekranu-2023-10-2-o-10.56.41-scaled-j4LItA-1536x864.jpeg 1536w, https:\/\/displeu.dev.osalliance.com\/wp-content\/uploads\/2023\/10\/Zrzut-ekranu-2023-10-2-o-10.56.41-scaled-j4LItA-2048x1152.jpeg 2048w\" sizes=\"(max-width: 300px) 100vw, 300px\" \/><\/div>\n\t\t<\/a>\n\t\t\t\t<div class=\"elementor-post__text\">\n\t\t\t\t<h3 class=\"elementor-post__title\">\n\t\t\t<a href=\"https:\/\/displeu.dev.osalliance.com\/de\/video\/lithuanian-government-person-found-in-house\/\" >\n\t\t\t\tLithuanian government person found in house\t\t\t<\/a>\n\t\t<\/h3>\n\t\t\t\t<div class=\"elementor-post__meta-data\">\n\t\t\t\t\t<span class=\"elementor-post-date\">\n\t\t\tDezember 5, 2023\t\t<\/span>\n\t\t\t\t<span class=\"elementor-post-avatar\">\n\t\t\tKeine Kommentare\t\t<\/span>\n\t\t\t\t<\/div>\n\t\t\t\t<div class=\"elementor-post__excerpt\">\n\t\t\t<p>Lorem ipsum dolor sit amet, consetetur sadipscing elitr, sed diam nonumy eirmod tempor invidunt ut labore et dolore magna aliquyam erat, sed diam voluptua. At vero eos et accusam et justo duo dolores et ea rebum. Stet clita kasd gubergren, no sea takimata sanctus est Lorem ipsum dolor sit amet.<\/p>\n\t\t<\/div>\n\t\t\n\t\t<a class=\"elementor-post__read-more\" href=\"https:\/\/displeu.dev.osalliance.com\/de\/video\/lithuanian-government-person-found-in-house\/\" aria-label=\"Mehr \u00fcber Lithuanian government person found in house\" tabindex=\"-1\" >\n\t\t\tRead More \u00bb\t\t<\/a>\n\n\t\t\t\t<\/div>\n\t\t\t\t<\/article>\n\t\t\t\t<\/div>\n\t\t\n\t\t\t\t<\/div>\n\t\t\t\t<\/div>\n\t\t\t\t\t<\/div>\n\t\t\t\t<\/div>\n\t\t\t\t<\/div>\n\t\t","protected":false},"excerpt":{"rendered":"","protected":false},"author":1,"featured_media":0,"parent":0,"menu_order":0,"comment_status":"closed","ping_status":"closed","template":"elementor_header_footer","meta":{"_acf_changed":false,"footnotes":""},"class_list":["post-10415","page","type-page","status-publish","hentry"],"acf":[],"_links":{"self":[{"href":"https:\/\/displeu.dev.osalliance.com\/de\/wp-json\/wp\/v2\/pages\/10415","targetHints":{"allow":["GET"]}}],"collection":[{"href":"https:\/\/displeu.dev.osalliance.com\/de\/wp-json\/wp\/v2\/pages"}],"about":[{"href":"https:\/\/displeu.dev.osalliance.com\/de\/wp-json\/wp\/v2\/types\/page"}],"author":[{"embeddable":true,"href":"https:\/\/displeu.dev.osalliance.com\/de\/wp-json\/wp\/v2\/users\/1"}],"replies":[{"embeddable":true,"href":"https:\/\/displeu.dev.osalliance.com\/de\/wp-json\/wp\/v2\/comments?post=10415"}],"version-history":[{"count":0,"href":"https:\/\/displeu.dev.osalliance.com\/de\/wp-json\/wp\/v2\/pages\/10415\/revisions"}],"wp:attachment":[{"href":"https:\/\/displeu.dev.osalliance.com\/de\/wp-json\/wp\/v2\/media?parent=10415"}],"curies":[{"name":"wp","href":"https:\/\/api.w.org\/{rel}","templated":true}]}}