{"id":12786,"date":"2023-05-18T09:40:46","date_gmt":"2023-05-18T07:40:46","guid":{"rendered":"https:\/\/displeu.dev.osalliance.com\/adatvedelmi-iranyelvek\/"},"modified":"2024-06-21T09:41:55","modified_gmt":"2024-06-21T07:41:55","slug":"adatvedelmi-iranyelvek","status":"publish","type":"page","link":"https:\/\/displeu.dev.osalliance.com\/hu\/adatvedelmi-iranyelvek\/","title":{"rendered":"Adatv\u00e9delmi ir\u00e1nyelvek"},"content":{"rendered":"\n<h2 class=\"wp-block-heading\">Kik vagyunk<\/h2>\n\n<p><strong class=\"privacy-policy-tutorial\">Javasolt sz\u00f6veg: <\/strong> Honlapunk c\u00edme: https:\/\/displeu.dev.osalliance.com.<\/p>\n\n<h2 class=\"wp-block-heading\">Megjegyz\u00e9sek<\/h2>\n\n<p><strong class=\"privacy-policy-tutorial\">Javasolt sz\u00f6veg: <\/strong>Amikor a l\u00e1togat\u00f3k hozz\u00e1sz\u00f3l\u00e1sokat hagynak az oldalon, a spamek felismer\u00e9s\u00e9nek el\u0151seg\u00edt\u00e9se \u00e9rdek\u00e9ben gy\u0171jtj\u00fck a hozz\u00e1sz\u00f3l\u00e1si \u0171rlapon megjelen\u0151 adatokat, valamint a l\u00e1togat\u00f3 IP-c\u00edm\u00e9t \u00e9s a b\u00f6ng\u00e9sz\u0151 user agent stringj\u00e9t.<\/p>\n\n<p>Az \u00d6n e-mail c\u00edm\u00e9b\u0151l l\u00e9trehozott anonimiz\u00e1lt karakterl\u00e1ncot (m\u00e1s n\u00e9ven hash-t) a Gravatar szolg\u00e1ltat\u00e1snak meg lehet adni, hogy l\u00e1ssa, haszn\u00e1lja-e azt. A Gravatar szolg\u00e1ltat\u00e1s adatv\u00e9delmi szab\u00e1lyzata itt \u00e9rhet\u0151 el: https:\/\/automattic.com\/privacy\/. A hozz\u00e1sz\u00f3l\u00e1s j\u00f3v\u00e1hagy\u00e1sa ut\u00e1n az \u00d6n profilk\u00e9pe a nyilv\u00e1noss\u00e1g sz\u00e1m\u00e1ra a hozz\u00e1sz\u00f3l\u00e1s\u00e1val \u00f6sszef\u00fcgg\u00e9sben l\u00e1that\u00f3v\u00e1 v\u00e1lik.<\/p>\n\n<h2 class=\"wp-block-heading\">M\u00e9dia<\/h2>\n\n<p><strong class=\"privacy-policy-tutorial\">Javasolt sz\u00f6veg: <\/strong>Ha k\u00e9peket t\u00f6lt fel a weboldalra, ker\u00fclje a be\u00e1gyazott helymeghat\u00e1roz\u00f3 adatokkal (EXIF GPS) ell\u00e1tott k\u00e9pek felt\u00f6lt\u00e9s\u00e9t. A weboldal l\u00e1togat\u00f3i a weboldalon tal\u00e1lhat\u00f3 k\u00e9pekb\u0151l b\u00e1rmilyen helymeghat\u00e1roz\u00e1si adatot let\u00f6lthetnek \u00e9s kivehetnek.<\/p>\n\n<h2 class=\"wp-block-heading\">S\u00fctik<\/h2>\n\n<p><strong class=\"privacy-policy-tutorial\">Javasolt sz\u00f6veg: <\/strong>Ha hozz\u00e1sz\u00f3l\u00e1st hagy oldalunkon, akkor hozz\u00e1j\u00e1rulhat ahhoz, hogy nev\u00e9t, e-mail c\u00edm\u00e9t \u00e9s weboldal\u00e1t a cookie-kban t\u00e1roljuk. Ezek az \u00d6n k\u00e9nyelm\u00e9t szolg\u00e1lj\u00e1k, \u00edgy nem kell \u00fajra megadnia adatait, amikor \u00fajabb hozz\u00e1sz\u00f3l\u00e1st hagy. Ezek a s\u00fctik egy \u00e9vig maradnak fenn.<\/p>\n\n<p>Ha megl\u00e1togatja a bejelentkez\u00e9si oldalunkat, egy ideiglenes s\u00fctit \u00e1ll\u00edtunk be, hogy meg\u00e1llap\u00edtsuk, a b\u00f6ng\u00e9sz\u0151je elfogadja-e a s\u00fctiket. Ez a s\u00fcti nem tartalmaz szem\u00e9lyes adatokat, \u00e9s a b\u00f6ng\u00e9sz\u0151 bez\u00e1r\u00e1sakor t\u00f6rl\u0151dik.<\/p>\n\n<p>Amikor bejelentkezik, t\u00f6bb s\u00fctit is be\u00e1ll\u00edtunk, hogy elmentse a bejelentkez\u00e9si adatait \u00e9s a k\u00e9perny\u0151 megjelen\u00edt\u00e9si be\u00e1ll\u00edt\u00e1sait. A bejelentkez\u00e9si s\u00fctik k\u00e9t napig, a k\u00e9perny\u0151be\u00e1ll\u00edt\u00e1sok s\u00fctik pedig egy \u00e9vig tartanak. Ha az &#8222;Eml\u00e9kezz r\u00e1m&#8221; opci\u00f3t v\u00e1lasztja, a bejelentkez\u00e9se k\u00e9t h\u00e9tig megmarad. Ha kijelentkezik fi\u00f3kj\u00e1b\u00f3l, a bejelentkez\u00e9si cookie-k t\u00f6rl\u0151dnek.<\/p>\n\n<p>Ha szerkeszt vagy k\u00f6zz\u00e9tesz egy cikket, egy tov\u00e1bbi cookie ker\u00fcl elment\u00e9sre a b\u00f6ng\u00e9sz\u0151j\u00e9ben. Ez a s\u00fcti nem tartalmaz szem\u00e9lyes adatokat, \u00e9s egyszer\u0171en csak az \u00d6n \u00e1ltal szerkesztett cikk post ID-j\u00e9t jelzi. Ez a cookie 1 nap m\u00falva lej\u00e1r.<\/p>\n\n<h2 class=\"wp-block-heading\">Be\u00e1gyazott tartalom m\u00e1s webhelyekr\u0151l<\/h2>\n\n<p><strong class=\"privacy-policy-tutorial\">Javasolt sz\u00f6veg: <\/strong>Az oldalon tal\u00e1lhat\u00f3 cikkek tartalmazhatnak be\u00e1gyazott tartalmakat (pl. vide\u00f3kat, k\u00e9peket, cikkeket stb.). A m\u00e1s webhelyekr\u0151l sz\u00e1rmaz\u00f3 be\u00e1gyazott tartalom pontosan ugyan\u00fagy viselkedik, mintha a l\u00e1togat\u00f3 a m\u00e1sik webhelyet l\u00e1togatta volna meg.<\/p>\n\n<p>Ezek a webhelyek adatokat gy\u0171jthetnek \u00d6nr\u0151l, cookie-kat haszn\u00e1lhatnak, tov\u00e1bbi harmadik f\u00e9lt\u0151l sz\u00e1rmaz\u00f3 nyomk\u00f6vet\u00e9st \u00e1gyazhatnak be, \u00e9s nyomon k\u00f6vethetik az \u00d6n interakci\u00f3j\u00e1t a be\u00e1gyazott tartalommal, bele\u00e9rtve a be\u00e1gyazott tartalommal val\u00f3 interakci\u00f3j\u00e1nak nyomon k\u00f6vet\u00e9s\u00e9t, ha \u00d6n rendelkezik fi\u00f3kkal \u00e9s be van jelentkezve az adott webhelyre.<\/p>\n\n<h2 class=\"wp-block-heading\">Kivel osztjuk meg az \u00d6n adatait<\/h2>\n\n<p><strong class=\"privacy-policy-tutorial\">Javasolt sz\u00f6veg: <\/strong>Ha jelsz\u00f3-vissza\u00e1ll\u00edt\u00e1st k\u00e9r, az IP-c\u00edme szerepel a jelsz\u00f3-vissza\u00e1ll\u00edt\u00e1si e-mailben.<\/p>\n\n<h2 class=\"wp-block-heading\">Mennyi ideig \u0151rizz\u00fck meg az \u00d6n adatait<\/h2>\n\n<p><strong class=\"privacy-policy-tutorial\">Javasolt sz\u00f6veg: <\/strong>Ha hozz\u00e1sz\u00f3l\u00e1st hagy, a hozz\u00e1sz\u00f3l\u00e1s \u00e9s annak metaadatai hat\u00e1rozatlan ideig megmaradnak. Ez az\u00e9rt van \u00edgy, hogy a moder\u00e1l\u00e1si sorban tart\u00e1s helyett automatikusan felismerhess\u00fck \u00e9s j\u00f3v\u00e1hagyhassuk a tov\u00e1bbi hozz\u00e1sz\u00f3l\u00e1sokat.<\/p>\n\n<p>A weboldalunkon regisztr\u00e1l\u00f3 felhaszn\u00e1l\u00f3k eset\u00e9ben (ha vannak ilyenek) az \u00e1ltaluk megadott szem\u00e9lyes adatokat a felhaszn\u00e1l\u00f3i profiljukban is t\u00e1roljuk. Minden felhaszn\u00e1l\u00f3 b\u00e1rmikor megtekintheti, szerkesztheti vagy t\u00f6r\u00f6lheti szem\u00e9lyes adatait (kiv\u00e9ve, hogy nem v\u00e1ltoztathatja meg a felhaszn\u00e1l\u00f3nev\u00e9t). A weboldal adminisztr\u00e1torai is l\u00e1thatj\u00e1k \u00e9s szerkeszthetik ezeket az inform\u00e1ci\u00f3kat.<\/p>\n\n<h2 class=\"wp-block-heading\">Milyen jogai vannak az adatai felett<\/h2>\n\n<p><strong class=\"privacy-policy-tutorial\">Javasolt sz\u00f6veg: <\/strong>Ha van fi\u00f3kja ezen a webhelyen, vagy hozz\u00e1sz\u00f3l\u00e1sokat hagyott, k\u00e9rheti, hogy megkapja az \u00d6nr\u0151l t\u00e1rolt szem\u00e9lyes adatok export\u00e1lt f\u00e1jlj\u00e1t, bele\u00e9rtve az \u00d6n \u00e1ltal megadott adatokat is. Azt is k\u00e9rheti, hogy t\u00f6r\u00f6lj\u00fck az \u00d6nr\u0151l t\u00e1rolt szem\u00e9lyes adatokat. Ez nem vonatkozik azokra az adatokra, amelyeket adminisztrat\u00edv, jogi vagy biztons\u00e1gi okokb\u00f3l vagyunk k\u00f6telesek meg\u0151rizni.<\/p>\n\n<h2 class=\"wp-block-heading\">Hov\u00e1 ker\u00fclnek az \u00d6n adatai<\/h2>\n\n<p><strong class=\"privacy-policy-tutorial\">Javasolt sz\u00f6veg: <\/strong>A l\u00e1togat\u00f3i hozz\u00e1sz\u00f3l\u00e1sokat egy automatikus spam-felismer\u0151 szolg\u00e1ltat\u00e1s ellen\u0151rizheti.<\/p>\n<p>[matomo_opt_out]<\/p>\n","protected":false},"excerpt":{"rendered":"<p>Kik vagyunk Javasolt sz\u00f6veg: Honlapunk c\u00edme: https:\/\/displeu.dev.osalliance.com. Megjegyz\u00e9sek Javasolt sz\u00f6veg: Amikor a l\u00e1togat\u00f3k hozz\u00e1sz\u00f3l\u00e1sokat hagynak az oldalon, a spamek felismer\u00e9s\u00e9nek el\u0151seg\u00edt\u00e9se \u00e9rdek\u00e9ben gy\u0171jtj\u00fck a hozz\u00e1sz\u00f3l\u00e1si \u0171rlapon megjelen\u0151 adatokat, valamint a l\u00e1togat\u00f3 IP-c\u00edm\u00e9t \u00e9s a b\u00f6ng\u00e9sz\u0151 user agent stringj\u00e9t. Az \u00d6n e-mail c\u00edm\u00e9b\u0151l l\u00e9trehozott anonimiz\u00e1lt karakterl\u00e1ncot (m\u00e1s n\u00e9ven hash-t) a Gravatar szolg\u00e1ltat\u00e1snak meg lehet adni, hogy [&hellip;]<\/p>\n","protected":false},"author":1,"featured_media":0,"parent":0,"menu_order":0,"comment_status":"closed","ping_status":"open","template":"","meta":{"_acf_changed":false,"footnotes":""},"class_list":["post-12786","page","type-page","status-publish","hentry"],"acf":[],"_links":{"self":[{"href":"https:\/\/displeu.dev.osalliance.com\/hu\/wp-json\/wp\/v2\/pages\/12786","targetHints":{"allow":["GET"]}}],"collection":[{"href":"https:\/\/displeu.dev.osalliance.com\/hu\/wp-json\/wp\/v2\/pages"}],"about":[{"href":"https:\/\/displeu.dev.osalliance.com\/hu\/wp-json\/wp\/v2\/types\/page"}],"author":[{"embeddable":true,"href":"https:\/\/displeu.dev.osalliance.com\/hu\/wp-json\/wp\/v2\/users\/1"}],"replies":[{"embeddable":true,"href":"https:\/\/displeu.dev.osalliance.com\/hu\/wp-json\/wp\/v2\/comments?post=12786"}],"version-history":[{"count":0,"href":"https:\/\/displeu.dev.osalliance.com\/hu\/wp-json\/wp\/v2\/pages\/12786\/revisions"}],"wp:attachment":[{"href":"https:\/\/displeu.dev.osalliance.com\/hu\/wp-json\/wp\/v2\/media?parent=12786"}],"curies":[{"name":"wp","href":"https:\/\/api.w.org\/{rel}","templated":true}]}}