{"id":10413,"date":"2023-12-05T11:28:31","date_gmt":"2023-12-05T10:28:31","guid":{"rendered":"https:\/\/displeu.dev.osalliance.com\/?page_id=10413"},"modified":"2023-12-05T11:31:28","modified_gmt":"2023-12-05T10:31:28","slug":"articles","status":"publish","type":"page","link":"https:\/\/displeu.dev.osalliance.com\/pt-pt\/articles\/","title":{"rendered":"Articles"},"content":{"rendered":"\t\t<div data-elementor-type=\"wp-page\" data-elementor-id=\"10413\" class=\"elementor elementor-10413\" data-elementor-post-type=\"page\">\n\t\t\t\t<div class=\"elementor-element elementor-element-42fb15f e-flex e-con-boxed e-con e-parent\" data-id=\"42fb15f\" data-element_type=\"container\">\n\t\t\t\t\t<div class=\"e-con-inner\">\n\t\t\t\t<div class=\"elementor-element elementor-element-907ee1b elementor-grid-3 elementor-grid-tablet-2 elementor-grid-mobile-1 elementor-posts--thumbnail-top elementor-widget elementor-widget-posts\" data-id=\"907ee1b\" data-element_type=\"widget\" data-settings=\"{&quot;classic_columns&quot;:&quot;3&quot;,&quot;classic_columns_tablet&quot;:&quot;2&quot;,&quot;classic_columns_mobile&quot;:&quot;1&quot;,&quot;classic_row_gap&quot;:{&quot;unit&quot;:&quot;px&quot;,&quot;size&quot;:35,&quot;sizes&quot;:[]},&quot;classic_row_gap_tablet&quot;:{&quot;unit&quot;:&quot;px&quot;,&quot;size&quot;:&quot;&quot;,&quot;sizes&quot;:[]},&quot;classic_row_gap_mobile&quot;:{&quot;unit&quot;:&quot;px&quot;,&quot;size&quot;:&quot;&quot;,&quot;sizes&quot;:[]}}\" data-widget_type=\"posts.classic\">\n\t\t\t\t<div class=\"elementor-widget-container\">\n\t\t\t\t\t<div class=\"elementor-posts-container elementor-posts elementor-posts--skin-classic elementor-grid\">\n\t\t\t\t<article class=\"elementor-post elementor-grid-item post-12907 article type-article status-publish has-post-thumbnail hentry author-m-akyel\">\n\t\t\t\t<a class=\"elementor-post__thumbnail__link\" href=\"https:\/\/displeu.dev.osalliance.com\/pt-pt\/article\/nao-esta-a-funcionar-a-europa-apos-a-morte-da-paz-de-espirito\/\" tabindex=\"-1\" >\n\t\t\t<div class=\"elementor-post__thumbnail\"><img fetchpriority=\"high\" decoding=\"async\" width=\"300\" height=\"169\" src=\"https:\/\/displeu.dev.osalliance.com\/wp-content\/uploads\/2023\/09\/268bbeacab26bc5517566c61af058702-300x169.jpeg\" class=\"attachment-medium size-medium wp-image-3426\" alt=\"\" srcset=\"https:\/\/displeu.dev.osalliance.com\/wp-content\/uploads\/2023\/09\/268bbeacab26bc5517566c61af058702-300x169.jpeg 300w, https:\/\/displeu.dev.osalliance.com\/wp-content\/uploads\/2023\/09\/268bbeacab26bc5517566c61af058702-1024x576.jpeg 1024w, https:\/\/displeu.dev.osalliance.com\/wp-content\/uploads\/2023\/09\/268bbeacab26bc5517566c61af058702-768x432.jpeg 768w, https:\/\/displeu.dev.osalliance.com\/wp-content\/uploads\/2023\/09\/268bbeacab26bc5517566c61af058702.jpeg 1184w\" sizes=\"(max-width: 300px) 100vw, 300px\" \/><\/div>\n\t\t<\/a>\n\t\t\t\t<div class=\"elementor-post__text\">\n\t\t\t\t<h3 class=\"elementor-post__title\">\n\t\t\t<a href=\"https:\/\/displeu.dev.osalliance.com\/pt-pt\/article\/nao-esta-a-funcionar-a-europa-apos-a-morte-da-paz-de-espirito\/\" >\n\t\t\t\tN\u00e3o est\u00e1 a funcionar? A Europa ap\u00f3s a morte da paz de esp\u00edrito\t\t\t<\/a>\n\t\t<\/h3>\n\t\t\t\t<div class=\"elementor-post__meta-data\">\n\t\t\t\t\t<span class=\"elementor-post-date\">\n\t\t\tJunho 21, 2024\t\t<\/span>\n\t\t\t\t<span class=\"elementor-post-avatar\">\n\t\t\tSem coment\u00e1rios\t\t<\/span>\n\t\t\t\t<\/div>\n\t\t\t\t<div class=\"elementor-post__excerpt\">\n\t\t\t<p>A demiss\u00e3o em rela\u00e7\u00e3o \u00e0 guerra na Ucr\u00e2nia ignora n\u00e3o s\u00f3 os Estados Unidos da Am\u00e9rica, mas tamb\u00e9m as consequ\u00eancias para a narrativa europeia em<\/p>\n\t\t<\/div>\n\t\t\n\t\t<a class=\"elementor-post__read-more\" href=\"https:\/\/displeu.dev.osalliance.com\/pt-pt\/article\/nao-esta-a-funcionar-a-europa-apos-a-morte-da-paz-de-espirito\/\" aria-label=\"Read more about N\u00e3o est\u00e1 a funcionar? A Europa ap\u00f3s a morte da paz de esp\u00edrito\" tabindex=\"-1\" >\n\t\t\tRead More \u00bb\t\t<\/a>\n\n\t\t\t\t<\/div>\n\t\t\t\t<\/article>\n\t\t\t\t<article class=\"elementor-post elementor-grid-item post-12204 article type-article status-publish has-post-thumbnail hentry author-m-akyel\">\n\t\t\t\t<a class=\"elementor-post__thumbnail__link\" href=\"https:\/\/displeu.dev.osalliance.com\/pt-pt\/article\/two-europe-after-the-death-of-peace-of-mind\/\" tabindex=\"-1\" >\n\t\t\t<div class=\"elementor-post__thumbnail\"><img decoding=\"async\" width=\"300\" height=\"169\" src=\"https:\/\/displeu.dev.osalliance.com\/wp-content\/uploads\/2023\/09\/268bbeacab26bc5517566c61af058702-300x169.jpeg\" class=\"attachment-medium size-medium wp-image-2064\" alt=\"\" srcset=\"https:\/\/displeu.dev.osalliance.com\/wp-content\/uploads\/2023\/09\/268bbeacab26bc5517566c61af058702-300x169.jpeg 300w, https:\/\/displeu.dev.osalliance.com\/wp-content\/uploads\/2023\/09\/268bbeacab26bc5517566c61af058702-1024x576.jpeg 1024w, https:\/\/displeu.dev.osalliance.com\/wp-content\/uploads\/2023\/09\/268bbeacab26bc5517566c61af058702-768x432.jpeg 768w, https:\/\/displeu.dev.osalliance.com\/wp-content\/uploads\/2023\/09\/268bbeacab26bc5517566c61af058702.jpeg 1184w\" sizes=\"(max-width: 300px) 100vw, 300px\" \/><\/div>\n\t\t<\/a>\n\t\t\t\t<div class=\"elementor-post__text\">\n\t\t\t\t<h3 class=\"elementor-post__title\">\n\t\t\t<a href=\"https:\/\/displeu.dev.osalliance.com\/pt-pt\/article\/two-europe-after-the-death-of-peace-of-mind\/\" >\n\t\t\t\tTwo Europe after the death of peace of mind\t\t\t<\/a>\n\t\t<\/h3>\n\t\t\t\t<div class=\"elementor-post__meta-data\">\n\t\t\t\t\t<span class=\"elementor-post-date\">\n\t\t\tJunho 18, 2024\t\t<\/span>\n\t\t\t\t<span class=\"elementor-post-avatar\">\n\t\t\tSem coment\u00e1rios\t\t<\/span>\n\t\t\t\t<\/div>\n\t\t\t\t<div class=\"elementor-post__excerpt\">\n\t\t\t<p>Die Resignation gegen\u00fcber dem Krieg in der Ukraine ignoriert nicht nur die anhaltenden Gr\u00e4ueltaten, sondern auch deren Auswirkungen auf die zugrunde liegenden europ\u00e4ischen Narrative. Jetzt<\/p>\n\t\t<\/div>\n\t\t\n\t\t<a class=\"elementor-post__read-more\" href=\"https:\/\/displeu.dev.osalliance.com\/pt-pt\/article\/two-europe-after-the-death-of-peace-of-mind\/\" aria-label=\"Read more about Two Europe after the death of peace of mind\" tabindex=\"-1\" >\n\t\t\tRead More \u00bb\t\t<\/a>\n\n\t\t\t\t<\/div>\n\t\t\t\t<\/article>\n\t\t\t\t<article class=\"elementor-post elementor-grid-item post-12205 article type-article status-publish has-post-thumbnail hentry author-m-akyel\">\n\t\t\t\t<a class=\"elementor-post__thumbnail__link\" href=\"https:\/\/displeu.dev.osalliance.com\/pt-pt\/article\/one-europe-after-the-death-of-peace-of-mind\/\" tabindex=\"-1\" >\n\t\t\t<div class=\"elementor-post__thumbnail\"><img decoding=\"async\" width=\"300\" height=\"169\" src=\"https:\/\/displeu.dev.osalliance.com\/wp-content\/uploads\/2023\/09\/268bbeacab26bc5517566c61af058702-300x169.jpeg\" class=\"attachment-medium size-medium wp-image-2064\" alt=\"\" srcset=\"https:\/\/displeu.dev.osalliance.com\/wp-content\/uploads\/2023\/09\/268bbeacab26bc5517566c61af058702-300x169.jpeg 300w, https:\/\/displeu.dev.osalliance.com\/wp-content\/uploads\/2023\/09\/268bbeacab26bc5517566c61af058702-1024x576.jpeg 1024w, https:\/\/displeu.dev.osalliance.com\/wp-content\/uploads\/2023\/09\/268bbeacab26bc5517566c61af058702-768x432.jpeg 768w, https:\/\/displeu.dev.osalliance.com\/wp-content\/uploads\/2023\/09\/268bbeacab26bc5517566c61af058702.jpeg 1184w\" sizes=\"(max-width: 300px) 100vw, 300px\" \/><\/div>\n\t\t<\/a>\n\t\t\t\t<div class=\"elementor-post__text\">\n\t\t\t\t<h3 class=\"elementor-post__title\">\n\t\t\t<a href=\"https:\/\/displeu.dev.osalliance.com\/pt-pt\/article\/one-europe-after-the-death-of-peace-of-mind\/\" >\n\t\t\t\tOne Europe after the death of peace of mind\t\t\t<\/a>\n\t\t<\/h3>\n\t\t\t\t<div class=\"elementor-post__meta-data\">\n\t\t\t\t\t<span class=\"elementor-post-date\">\n\t\t\tJunho 18, 2024\t\t<\/span>\n\t\t\t\t<span class=\"elementor-post-avatar\">\n\t\t\tSem coment\u00e1rios\t\t<\/span>\n\t\t\t\t<\/div>\n\t\t\t\t<div class=\"elementor-post__excerpt\">\n\t\t\t<p>Die Resignation gegen\u00fcber dem Krieg in der Ukraine ignoriert nicht nur die anhaltenden Gr\u00e4ueltaten, sondern auch deren Auswirkungen auf die zugrunde liegenden europ\u00e4ischen Narrative. Jetzt<\/p>\n\t\t<\/div>\n\t\t\n\t\t<a class=\"elementor-post__read-more\" href=\"https:\/\/displeu.dev.osalliance.com\/pt-pt\/article\/one-europe-after-the-death-of-peace-of-mind\/\" aria-label=\"Read more about One Europe after the death of peace of mind\" tabindex=\"-1\" >\n\t\t\tRead More \u00bb\t\t<\/a>\n\n\t\t\t\t<\/div>\n\t\t\t\t<\/article>\n\t\t\t\t<article class=\"elementor-post elementor-grid-item post-12147 article type-article status-publish has-post-thumbnail hentry author-m-akyel\">\n\t\t\t\t<a class=\"elementor-post__thumbnail__link\" href=\"https:\/\/displeu.dev.osalliance.com\/pt-pt\/article\/demo-europe-apos-a-morte-da-paz-de-espirito\/\" tabindex=\"-1\" >\n\t\t\t<div class=\"elementor-post__thumbnail\"><img fetchpriority=\"high\" decoding=\"async\" width=\"300\" height=\"169\" src=\"https:\/\/displeu.dev.osalliance.com\/wp-content\/uploads\/2023\/09\/268bbeacab26bc5517566c61af058702-300x169.jpeg\" class=\"attachment-medium size-medium wp-image-3426\" alt=\"\" srcset=\"https:\/\/displeu.dev.osalliance.com\/wp-content\/uploads\/2023\/09\/268bbeacab26bc5517566c61af058702-300x169.jpeg 300w, https:\/\/displeu.dev.osalliance.com\/wp-content\/uploads\/2023\/09\/268bbeacab26bc5517566c61af058702-1024x576.jpeg 1024w, https:\/\/displeu.dev.osalliance.com\/wp-content\/uploads\/2023\/09\/268bbeacab26bc5517566c61af058702-768x432.jpeg 768w, https:\/\/displeu.dev.osalliance.com\/wp-content\/uploads\/2023\/09\/268bbeacab26bc5517566c61af058702.jpeg 1184w\" sizes=\"(max-width: 300px) 100vw, 300px\" \/><\/div>\n\t\t<\/a>\n\t\t\t\t<div class=\"elementor-post__text\">\n\t\t\t\t<h3 class=\"elementor-post__title\">\n\t\t\t<a href=\"https:\/\/displeu.dev.osalliance.com\/pt-pt\/article\/demo-europe-apos-a-morte-da-paz-de-espirito\/\" >\n\t\t\t\tDemo Europe ap\u00f3s a morte da paz de esp\u00edrito\t\t\t<\/a>\n\t\t<\/h3>\n\t\t\t\t<div class=\"elementor-post__meta-data\">\n\t\t\t\t\t<span class=\"elementor-post-date\">\n\t\t\tJunho 17, 2024\t\t<\/span>\n\t\t\t\t<span class=\"elementor-post-avatar\">\n\t\t\tSem coment\u00e1rios\t\t<\/span>\n\t\t\t\t<\/div>\n\t\t\t\t<div class=\"elementor-post__excerpt\">\n\t\t\t<p>A demiss\u00e3o em rela\u00e7\u00e3o \u00e0 guerra na Ucr\u00e2nia ignora n\u00e3o s\u00f3 os Estados Unidos da Am\u00e9rica, mas tamb\u00e9m as consequ\u00eancias para a narrativa europeia em<\/p>\n\t\t<\/div>\n\t\t\n\t\t<a class=\"elementor-post__read-more\" href=\"https:\/\/displeu.dev.osalliance.com\/pt-pt\/article\/demo-europe-apos-a-morte-da-paz-de-espirito\/\" aria-label=\"Read more about Demo Europe ap\u00f3s a morte da paz de esp\u00edrito\" tabindex=\"-1\" >\n\t\t\tRead More \u00bb\t\t<\/a>\n\n\t\t\t\t<\/div>\n\t\t\t\t<\/article>\n\t\t\t\t<article class=\"elementor-post elementor-grid-item post-12122 article type-article status-publish has-post-thumbnail hentry author-m-akyel\">\n\t\t\t\t<a class=\"elementor-post__thumbnail__link\" href=\"https:\/\/displeu.dev.osalliance.com\/pt-pt\/article\/teste-2-europa-apos-a-morte-da-paz-de-espirito\/\" tabindex=\"-1\" >\n\t\t\t<div class=\"elementor-post__thumbnail\"><img fetchpriority=\"high\" decoding=\"async\" width=\"300\" height=\"169\" src=\"https:\/\/displeu.dev.osalliance.com\/wp-content\/uploads\/2023\/09\/268bbeacab26bc5517566c61af058702-300x169.jpeg\" class=\"attachment-medium size-medium wp-image-3426\" alt=\"\" srcset=\"https:\/\/displeu.dev.osalliance.com\/wp-content\/uploads\/2023\/09\/268bbeacab26bc5517566c61af058702-300x169.jpeg 300w, https:\/\/displeu.dev.osalliance.com\/wp-content\/uploads\/2023\/09\/268bbeacab26bc5517566c61af058702-1024x576.jpeg 1024w, https:\/\/displeu.dev.osalliance.com\/wp-content\/uploads\/2023\/09\/268bbeacab26bc5517566c61af058702-768x432.jpeg 768w, https:\/\/displeu.dev.osalliance.com\/wp-content\/uploads\/2023\/09\/268bbeacab26bc5517566c61af058702.jpeg 1184w\" sizes=\"(max-width: 300px) 100vw, 300px\" \/><\/div>\n\t\t<\/a>\n\t\t\t\t<div class=\"elementor-post__text\">\n\t\t\t\t<h3 class=\"elementor-post__title\">\n\t\t\t<a href=\"https:\/\/displeu.dev.osalliance.com\/pt-pt\/article\/teste-2-europa-apos-a-morte-da-paz-de-espirito\/\" >\n\t\t\t\tTeste 2 Europa ap\u00f3s a morte da paz de esp\u00edrito\t\t\t<\/a>\n\t\t<\/h3>\n\t\t\t\t<div class=\"elementor-post__meta-data\">\n\t\t\t\t\t<span class=\"elementor-post-date\">\n\t\t\tJunho 17, 2024\t\t<\/span>\n\t\t\t\t<span class=\"elementor-post-avatar\">\n\t\t\tSem coment\u00e1rios\t\t<\/span>\n\t\t\t\t<\/div>\n\t\t\t\t<div class=\"elementor-post__excerpt\">\n\t\t\t<p>A demiss\u00e3o em rela\u00e7\u00e3o \u00e0 guerra na Ucr\u00e2nia ignora n\u00e3o s\u00f3 os Estados Unidos da Am\u00e9rica, mas tamb\u00e9m as consequ\u00eancias para a narrativa europeia em<\/p>\n\t\t<\/div>\n\t\t\n\t\t<a class=\"elementor-post__read-more\" href=\"https:\/\/displeu.dev.osalliance.com\/pt-pt\/article\/teste-2-europa-apos-a-morte-da-paz-de-espirito\/\" aria-label=\"Read more about Teste 2 Europa ap\u00f3s a morte da paz de esp\u00edrito\" tabindex=\"-1\" >\n\t\t\tRead More \u00bb\t\t<\/a>\n\n\t\t\t\t<\/div>\n\t\t\t\t<\/article>\n\t\t\t\t<article class=\"elementor-post elementor-grid-item post-12072 article type-article status-publish has-post-thumbnail hentry author-m-akyel\">\n\t\t\t\t<a class=\"elementor-post__thumbnail__link\" href=\"https:\/\/displeu.dev.osalliance.com\/pt-pt\/article\/teste-1-europa-apos-a-morte-da-paz-de-espirito\/\" tabindex=\"-1\" >\n\t\t\t<div class=\"elementor-post__thumbnail\"><img fetchpriority=\"high\" decoding=\"async\" width=\"300\" height=\"169\" src=\"https:\/\/displeu.dev.osalliance.com\/wp-content\/uploads\/2023\/09\/268bbeacab26bc5517566c61af058702-300x169.jpeg\" class=\"attachment-medium size-medium wp-image-3426\" alt=\"\" srcset=\"https:\/\/displeu.dev.osalliance.com\/wp-content\/uploads\/2023\/09\/268bbeacab26bc5517566c61af058702-300x169.jpeg 300w, https:\/\/displeu.dev.osalliance.com\/wp-content\/uploads\/2023\/09\/268bbeacab26bc5517566c61af058702-1024x576.jpeg 1024w, https:\/\/displeu.dev.osalliance.com\/wp-content\/uploads\/2023\/09\/268bbeacab26bc5517566c61af058702-768x432.jpeg 768w, https:\/\/displeu.dev.osalliance.com\/wp-content\/uploads\/2023\/09\/268bbeacab26bc5517566c61af058702.jpeg 1184w\" sizes=\"(max-width: 300px) 100vw, 300px\" \/><\/div>\n\t\t<\/a>\n\t\t\t\t<div class=\"elementor-post__text\">\n\t\t\t\t<h3 class=\"elementor-post__title\">\n\t\t\t<a href=\"https:\/\/displeu.dev.osalliance.com\/pt-pt\/article\/teste-1-europa-apos-a-morte-da-paz-de-espirito\/\" >\n\t\t\t\tTeste 1 Europa ap\u00f3s a morte da paz de esp\u00edrito\t\t\t<\/a>\n\t\t<\/h3>\n\t\t\t\t<div class=\"elementor-post__meta-data\">\n\t\t\t\t\t<span class=\"elementor-post-date\">\n\t\t\tJunho 17, 2024\t\t<\/span>\n\t\t\t\t<span class=\"elementor-post-avatar\">\n\t\t\tSem coment\u00e1rios\t\t<\/span>\n\t\t\t\t<\/div>\n\t\t\t\t<div class=\"elementor-post__excerpt\">\n\t\t\t<p>A demiss\u00e3o em rela\u00e7\u00e3o \u00e0 guerra na Ucr\u00e2nia ignora n\u00e3o s\u00f3 os Estados Unidos da Am\u00e9rica, mas tamb\u00e9m as consequ\u00eancias para a narrativa europeia em<\/p>\n\t\t<\/div>\n\t\t\n\t\t<a class=\"elementor-post__read-more\" href=\"https:\/\/displeu.dev.osalliance.com\/pt-pt\/article\/teste-1-europa-apos-a-morte-da-paz-de-espirito\/\" aria-label=\"Read more about Teste 1 Europa ap\u00f3s a morte da paz de esp\u00edrito\" tabindex=\"-1\" >\n\t\t\tRead More \u00bb\t\t<\/a>\n\n\t\t\t\t<\/div>\n\t\t\t\t<\/article>\n\t\t\t\t<\/div>\n\t\t\n\t\t\t\t<\/div>\n\t\t\t\t<\/div>\n\t\t\t\t\t<\/div>\n\t\t\t\t<\/div>\n\t\t\t\t<\/div>\n\t\t","protected":false},"excerpt":{"rendered":"","protected":false},"author":1,"featured_media":0,"parent":0,"menu_order":0,"comment_status":"closed","ping_status":"closed","template":"elementor_header_footer","meta":{"_acf_changed":false,"footnotes":""},"class_list":["post-10413","page","type-page","status-publish","hentry"],"acf":[],"_links":{"self":[{"href":"https:\/\/displeu.dev.osalliance.com\/pt-pt\/wp-json\/wp\/v2\/pages\/10413","targetHints":{"allow":["GET"]}}],"collection":[{"href":"https:\/\/displeu.dev.osalliance.com\/pt-pt\/wp-json\/wp\/v2\/pages"}],"about":[{"href":"https:\/\/displeu.dev.osalliance.com\/pt-pt\/wp-json\/wp\/v2\/types\/page"}],"author":[{"embeddable":true,"href":"https:\/\/displeu.dev.osalliance.com\/pt-pt\/wp-json\/wp\/v2\/users\/1"}],"replies":[{"embeddable":true,"href":"https:\/\/displeu.dev.osalliance.com\/pt-pt\/wp-json\/wp\/v2\/comments?post=10413"}],"version-history":[{"count":0,"href":"https:\/\/displeu.dev.osalliance.com\/pt-pt\/wp-json\/wp\/v2\/pages\/10413\/revisions"}],"wp:attachment":[{"href":"https:\/\/displeu.dev.osalliance.com\/pt-pt\/wp-json\/wp\/v2\/media?parent=10413"}],"curies":[{"name":"wp","href":"https:\/\/api.w.org\/{rel}","templated":true}]}}