{"id":10413,"date":"2023-12-05T11:28:31","date_gmt":"2023-12-05T10:28:31","guid":{"rendered":"https:\/\/displeu.dev.osalliance.com\/?page_id=10413"},"modified":"2023-12-05T11:31:28","modified_gmt":"2023-12-05T10:31:28","slug":"articles","status":"publish","type":"page","link":"https:\/\/displeu.dev.osalliance.com\/sr\/articles\/","title":{"rendered":"Articles"},"content":{"rendered":"\t\t<div data-elementor-type=\"wp-page\" data-elementor-id=\"10413\" class=\"elementor elementor-10413\" data-elementor-post-type=\"page\">\n\t\t\t\t<div class=\"elementor-element elementor-element-42fb15f e-flex e-con-boxed e-con e-parent\" data-id=\"42fb15f\" data-element_type=\"container\">\n\t\t\t\t\t<div class=\"e-con-inner\">\n\t\t\t\t<div class=\"elementor-element elementor-element-907ee1b elementor-grid-3 elementor-grid-tablet-2 elementor-grid-mobile-1 elementor-posts--thumbnail-top elementor-widget elementor-widget-posts\" data-id=\"907ee1b\" data-element_type=\"widget\" data-settings=\"{&quot;classic_columns&quot;:&quot;3&quot;,&quot;classic_columns_tablet&quot;:&quot;2&quot;,&quot;classic_columns_mobile&quot;:&quot;1&quot;,&quot;classic_row_gap&quot;:{&quot;unit&quot;:&quot;px&quot;,&quot;size&quot;:35,&quot;sizes&quot;:[]},&quot;classic_row_gap_tablet&quot;:{&quot;unit&quot;:&quot;px&quot;,&quot;size&quot;:&quot;&quot;,&quot;sizes&quot;:[]},&quot;classic_row_gap_mobile&quot;:{&quot;unit&quot;:&quot;px&quot;,&quot;size&quot;:&quot;&quot;,&quot;sizes&quot;:[]}}\" data-widget_type=\"posts.classic\">\n\t\t\t\t<div class=\"elementor-widget-container\">\n\t\t\t\t\t<div class=\"elementor-posts-container elementor-posts elementor-posts--skin-classic elementor-grid\">\n\t\t\t\t<article class=\"elementor-post elementor-grid-item post-12901 article type-article status-publish has-post-thumbnail hentry author-m-akyel\">\n\t\t\t\t<a class=\"elementor-post__thumbnail__link\" href=\"https:\/\/displeu.dev.osalliance.com\/sr\/article\/not-working-europe-after-the-death-of-peace-of-mind\/\" tabindex=\"-1\" >\n\t\t\t<div class=\"elementor-post__thumbnail\"><img fetchpriority=\"high\" decoding=\"async\" width=\"300\" height=\"169\" src=\"https:\/\/displeu.dev.osalliance.com\/wp-content\/uploads\/2023\/09\/268bbeacab26bc5517566c61af058702-300x169.jpeg\" class=\"attachment-medium size-medium wp-image-2064\" alt=\"\" srcset=\"https:\/\/displeu.dev.osalliance.com\/wp-content\/uploads\/2023\/09\/268bbeacab26bc5517566c61af058702-300x169.jpeg 300w, https:\/\/displeu.dev.osalliance.com\/wp-content\/uploads\/2023\/09\/268bbeacab26bc5517566c61af058702-1024x576.jpeg 1024w, https:\/\/displeu.dev.osalliance.com\/wp-content\/uploads\/2023\/09\/268bbeacab26bc5517566c61af058702-768x432.jpeg 768w, https:\/\/displeu.dev.osalliance.com\/wp-content\/uploads\/2023\/09\/268bbeacab26bc5517566c61af058702.jpeg 1184w\" sizes=\"(max-width: 300px) 100vw, 300px\" \/><\/div>\n\t\t<\/a>\n\t\t\t\t<div class=\"elementor-post__text\">\n\t\t\t\t<h3 class=\"elementor-post__title\">\n\t\t\t<a href=\"https:\/\/displeu.dev.osalliance.com\/sr\/article\/not-working-europe-after-the-death-of-peace-of-mind\/\" >\n\t\t\t\tNot working? Europe after the death of peace of mind\t\t\t<\/a>\n\t\t<\/h3>\n\t\t\t\t<div class=\"elementor-post__meta-data\">\n\t\t\t\t\t<span class=\"elementor-post-date\">\n\t\t\t\u0458\u0443\u043d 21, 2024\t\t<\/span>\n\t\t\t\t<span class=\"elementor-post-avatar\">\n\t\t\t\u041d\u0435\u043c\u0430 \u043a\u043e\u043c\u0435\u043d\u0442\u0430\u0440\u0430\t\t<\/span>\n\t\t\t\t<\/div>\n\t\t\t\t<div class=\"elementor-post__excerpt\">\n\t\t\t<p>Die Resignation gegen\u00fcber dem Krieg in der Ukraine ignoriert nicht nur die anhaltenden Gr\u00e4ueltaten, sondern auch deren Auswirkungen auf die zugrunde liegenden europ\u00e4ischen Narrative. Jetzt<\/p>\n\t\t<\/div>\n\t\t\n\t\t<a class=\"elementor-post__read-more\" href=\"https:\/\/displeu.dev.osalliance.com\/sr\/article\/not-working-europe-after-the-death-of-peace-of-mind\/\" aria-label=\"Read more about Not working? Europe after the death of peace of mind\" tabindex=\"-1\" >\n\t\t\tRead More \u00bb\t\t<\/a>\n\n\t\t\t\t<\/div>\n\t\t\t\t<\/article>\n\t\t\t\t<article class=\"elementor-post elementor-grid-item post-12204 article type-article status-publish has-post-thumbnail hentry author-m-akyel\">\n\t\t\t\t<a class=\"elementor-post__thumbnail__link\" href=\"https:\/\/displeu.dev.osalliance.com\/sr\/article\/two-europe-after-the-death-of-peace-of-mind\/\" tabindex=\"-1\" >\n\t\t\t<div class=\"elementor-post__thumbnail\"><img fetchpriority=\"high\" decoding=\"async\" width=\"300\" height=\"169\" src=\"https:\/\/displeu.dev.osalliance.com\/wp-content\/uploads\/2023\/09\/268bbeacab26bc5517566c61af058702-300x169.jpeg\" class=\"attachment-medium size-medium wp-image-2064\" alt=\"\" srcset=\"https:\/\/displeu.dev.osalliance.com\/wp-content\/uploads\/2023\/09\/268bbeacab26bc5517566c61af058702-300x169.jpeg 300w, https:\/\/displeu.dev.osalliance.com\/wp-content\/uploads\/2023\/09\/268bbeacab26bc5517566c61af058702-1024x576.jpeg 1024w, https:\/\/displeu.dev.osalliance.com\/wp-content\/uploads\/2023\/09\/268bbeacab26bc5517566c61af058702-768x432.jpeg 768w, https:\/\/displeu.dev.osalliance.com\/wp-content\/uploads\/2023\/09\/268bbeacab26bc5517566c61af058702.jpeg 1184w\" sizes=\"(max-width: 300px) 100vw, 300px\" \/><\/div>\n\t\t<\/a>\n\t\t\t\t<div class=\"elementor-post__text\">\n\t\t\t\t<h3 class=\"elementor-post__title\">\n\t\t\t<a href=\"https:\/\/displeu.dev.osalliance.com\/sr\/article\/two-europe-after-the-death-of-peace-of-mind\/\" >\n\t\t\t\tTwo Europe after the death of peace of mind\t\t\t<\/a>\n\t\t<\/h3>\n\t\t\t\t<div class=\"elementor-post__meta-data\">\n\t\t\t\t\t<span class=\"elementor-post-date\">\n\t\t\t\u0458\u0443\u043d 18, 2024\t\t<\/span>\n\t\t\t\t<span class=\"elementor-post-avatar\">\n\t\t\t\u041d\u0435\u043c\u0430 \u043a\u043e\u043c\u0435\u043d\u0442\u0430\u0440\u0430\t\t<\/span>\n\t\t\t\t<\/div>\n\t\t\t\t<div class=\"elementor-post__excerpt\">\n\t\t\t<p>Die Resignation gegen\u00fcber dem Krieg in der Ukraine ignoriert nicht nur die anhaltenden Gr\u00e4ueltaten, sondern auch deren Auswirkungen auf die zugrunde liegenden europ\u00e4ischen Narrative. Jetzt<\/p>\n\t\t<\/div>\n\t\t\n\t\t<a class=\"elementor-post__read-more\" href=\"https:\/\/displeu.dev.osalliance.com\/sr\/article\/two-europe-after-the-death-of-peace-of-mind\/\" aria-label=\"Read more about Two Europe after the death of peace of mind\" tabindex=\"-1\" >\n\t\t\tRead More \u00bb\t\t<\/a>\n\n\t\t\t\t<\/div>\n\t\t\t\t<\/article>\n\t\t\t\t<article class=\"elementor-post elementor-grid-item post-12205 article type-article status-publish has-post-thumbnail hentry author-m-akyel\">\n\t\t\t\t<a class=\"elementor-post__thumbnail__link\" href=\"https:\/\/displeu.dev.osalliance.com\/sr\/article\/one-europe-after-the-death-of-peace-of-mind\/\" tabindex=\"-1\" >\n\t\t\t<div class=\"elementor-post__thumbnail\"><img fetchpriority=\"high\" decoding=\"async\" width=\"300\" height=\"169\" src=\"https:\/\/displeu.dev.osalliance.com\/wp-content\/uploads\/2023\/09\/268bbeacab26bc5517566c61af058702-300x169.jpeg\" class=\"attachment-medium size-medium wp-image-2064\" alt=\"\" srcset=\"https:\/\/displeu.dev.osalliance.com\/wp-content\/uploads\/2023\/09\/268bbeacab26bc5517566c61af058702-300x169.jpeg 300w, https:\/\/displeu.dev.osalliance.com\/wp-content\/uploads\/2023\/09\/268bbeacab26bc5517566c61af058702-1024x576.jpeg 1024w, https:\/\/displeu.dev.osalliance.com\/wp-content\/uploads\/2023\/09\/268bbeacab26bc5517566c61af058702-768x432.jpeg 768w, https:\/\/displeu.dev.osalliance.com\/wp-content\/uploads\/2023\/09\/268bbeacab26bc5517566c61af058702.jpeg 1184w\" sizes=\"(max-width: 300px) 100vw, 300px\" \/><\/div>\n\t\t<\/a>\n\t\t\t\t<div class=\"elementor-post__text\">\n\t\t\t\t<h3 class=\"elementor-post__title\">\n\t\t\t<a href=\"https:\/\/displeu.dev.osalliance.com\/sr\/article\/one-europe-after-the-death-of-peace-of-mind\/\" >\n\t\t\t\tOne Europe after the death of peace of mind\t\t\t<\/a>\n\t\t<\/h3>\n\t\t\t\t<div class=\"elementor-post__meta-data\">\n\t\t\t\t\t<span class=\"elementor-post-date\">\n\t\t\t\u0458\u0443\u043d 18, 2024\t\t<\/span>\n\t\t\t\t<span class=\"elementor-post-avatar\">\n\t\t\t\u041d\u0435\u043c\u0430 \u043a\u043e\u043c\u0435\u043d\u0442\u0430\u0440\u0430\t\t<\/span>\n\t\t\t\t<\/div>\n\t\t\t\t<div class=\"elementor-post__excerpt\">\n\t\t\t<p>Die Resignation gegen\u00fcber dem Krieg in der Ukraine ignoriert nicht nur die anhaltenden Gr\u00e4ueltaten, sondern auch deren Auswirkungen auf die zugrunde liegenden europ\u00e4ischen Narrative. Jetzt<\/p>\n\t\t<\/div>\n\t\t\n\t\t<a class=\"elementor-post__read-more\" href=\"https:\/\/displeu.dev.osalliance.com\/sr\/article\/one-europe-after-the-death-of-peace-of-mind\/\" aria-label=\"Read more about One Europe after the death of peace of mind\" tabindex=\"-1\" >\n\t\t\tRead More \u00bb\t\t<\/a>\n\n\t\t\t\t<\/div>\n\t\t\t\t<\/article>\n\t\t\t\t<article class=\"elementor-post elementor-grid-item post-12172 article type-article status-publish has-post-thumbnail hentry author-m-akyel\">\n\t\t\t\t<a class=\"elementor-post__thumbnail__link\" href=\"https:\/\/displeu.dev.osalliance.com\/sr\/article\/%d0%b4%d0%b5%d0%bc%d0%be-%d0%b5%d0%b2%d1%80%d0%be%d0%bf%d0%b0-%d0%bf%d0%be%d1%81%d0%bb%d0%b5-%d1%81%d0%bc%d1%80%d1%82%d0%b8-%d0%b4%d1%83%d1%88%d0%b5%d0%b2%d0%bd%d0%be%d0%b3-%d0%bc%d0%b8%d1%80%d0%b0\/\" tabindex=\"-1\" >\n\t\t\t<div class=\"elementor-post__thumbnail\"><img decoding=\"async\" width=\"300\" height=\"169\" src=\"https:\/\/displeu.dev.osalliance.com\/wp-content\/uploads\/2023\/09\/268bbeacab26bc5517566c61af058702-300x169.jpeg\" class=\"attachment-medium size-medium wp-image-3427\" alt=\"\" srcset=\"https:\/\/displeu.dev.osalliance.com\/wp-content\/uploads\/2023\/09\/268bbeacab26bc5517566c61af058702-300x169.jpeg 300w, https:\/\/displeu.dev.osalliance.com\/wp-content\/uploads\/2023\/09\/268bbeacab26bc5517566c61af058702-1024x576.jpeg 1024w, https:\/\/displeu.dev.osalliance.com\/wp-content\/uploads\/2023\/09\/268bbeacab26bc5517566c61af058702-768x432.jpeg 768w, https:\/\/displeu.dev.osalliance.com\/wp-content\/uploads\/2023\/09\/268bbeacab26bc5517566c61af058702.jpeg 1184w\" sizes=\"(max-width: 300px) 100vw, 300px\" \/><\/div>\n\t\t<\/a>\n\t\t\t\t<div class=\"elementor-post__text\">\n\t\t\t\t<h3 class=\"elementor-post__title\">\n\t\t\t<a href=\"https:\/\/displeu.dev.osalliance.com\/sr\/article\/%d0%b4%d0%b5%d0%bc%d0%be-%d0%b5%d0%b2%d1%80%d0%be%d0%bf%d0%b0-%d0%bf%d0%be%d1%81%d0%bb%d0%b5-%d1%81%d0%bc%d1%80%d1%82%d0%b8-%d0%b4%d1%83%d1%88%d0%b5%d0%b2%d0%bd%d0%be%d0%b3-%d0%bc%d0%b8%d1%80%d0%b0\/\" >\n\t\t\t\t\u0414\u0435\u043c\u043e \u0415\u0432\u0440\u043e\u043f\u0430 \u043f\u043e\u0441\u043b\u0435 \u0441\u043c\u0440\u0442\u0438 \u0434\u0443\u0448\u0435\u0432\u043d\u043e\u0433 \u043c\u0438\u0440\u0430\t\t\t<\/a>\n\t\t<\/h3>\n\t\t\t\t<div class=\"elementor-post__meta-data\">\n\t\t\t\t\t<span class=\"elementor-post-date\">\n\t\t\t\u0458\u0443\u043d 17, 2024\t\t<\/span>\n\t\t\t\t<span class=\"elementor-post-avatar\">\n\t\t\t\u041d\u0435\u043c\u0430 \u043a\u043e\u043c\u0435\u043d\u0442\u0430\u0440\u0430\t\t<\/span>\n\t\t\t\t<\/div>\n\t\t\t\t<div class=\"elementor-post__excerpt\">\n\t\t\t<p>\u0414\u0438\u0435 \u0420\u0435\u0441\u0438\u0433\u043d\u0430\u0442\u0438\u043e\u043d \u0433\u0435\u0433\u0435\u043d\u0443\u0431\u0435\u0440 \u0434\u0435\u043c \u041a\u0440\u0438\u0435\u0433 \u0438\u043d \u0434\u0435\u0440 \u0423\u043a\u0440\u0430\u0438\u043d\u0435 \u0438\u0433\u043d\u043e\u0440\u0438\u0435\u0440\u0442 \u043d\u0438\u0446\u0445\u0442 \u043d\u0443\u0440 \u0434\u0438\u0435 \u0430\u043d\u0445\u0430\u043b\u0442\u0435\u043d\u0434\u0435\u043d \u0413\u0440\u0430\u0443\u0435\u043b\u0442\u0430\u0442\u0435\u043d, \u0441\u043e\u043d\u0434\u0435\u0440\u043d \u0430\u0443\u0446\u0445 \u0434\u0435\u0440\u0435\u043d \u0410\u0443\u0441\u0432\u0438\u0440\u043a\u0443\u043d\u0433\u0435\u043d \u0430\u0443\u0444 \u0434\u0438\u0435 \u0437\u0443\u0433\u0440\u0443\u043d\u0434\u0435 \u043b\u0438\u0435\u0433\u0435\u043d\u0434\u0435\u043d \u0435\u0443\u0440\u043e\u043f\u0430\u0438\u0441\u0446\u0445\u0435\u043d \u041d\u0430\u0440\u0440\u0430\u0442\u0438\u0432\u0435. \u0408\u0435\u0442\u0437\u0442<\/p>\n\t\t<\/div>\n\t\t\n\t\t<a class=\"elementor-post__read-more\" href=\"https:\/\/displeu.dev.osalliance.com\/sr\/article\/%d0%b4%d0%b5%d0%bc%d0%be-%d0%b5%d0%b2%d1%80%d0%be%d0%bf%d0%b0-%d0%bf%d0%be%d1%81%d0%bb%d0%b5-%d1%81%d0%bc%d1%80%d1%82%d0%b8-%d0%b4%d1%83%d1%88%d0%b5%d0%b2%d0%bd%d0%be%d0%b3-%d0%bc%d0%b8%d1%80%d0%b0\/\" aria-label=\"Read more about \u0414\u0435\u043c\u043e \u0415\u0432\u0440\u043e\u043f\u0430 \u043f\u043e\u0441\u043b\u0435 \u0441\u043c\u0440\u0442\u0438 \u0434\u0443\u0448\u0435\u0432\u043d\u043e\u0433 \u043c\u0438\u0440\u0430\" tabindex=\"-1\" >\n\t\t\tRead More \u00bb\t\t<\/a>\n\n\t\t\t\t<\/div>\n\t\t\t\t<\/article>\n\t\t\t\t<article class=\"elementor-post elementor-grid-item post-12130 article type-article status-publish has-post-thumbnail hentry author-m-akyel\">\n\t\t\t\t<a class=\"elementor-post__thumbnail__link\" href=\"https:\/\/displeu.dev.osalliance.com\/sr\/article\/%d1%82%d0%b5%d1%81%d1%82-2-%d0%b5%d0%b2%d1%80%d0%be%d0%bf%d0%b0-%d0%bf%d0%be%d1%81%d0%bb%d0%b5-%d1%81%d0%bc%d1%80%d1%82%d0%b8-%d0%b4%d1%83%d1%88%d0%b5%d0%b2%d0%bd%d0%be%d0%b3-%d0%bc%d0%b8%d1%80%d0%b0\/\" tabindex=\"-1\" >\n\t\t\t<div class=\"elementor-post__thumbnail\"><img decoding=\"async\" width=\"300\" height=\"169\" src=\"https:\/\/displeu.dev.osalliance.com\/wp-content\/uploads\/2023\/09\/268bbeacab26bc5517566c61af058702-300x169.jpeg\" class=\"attachment-medium size-medium wp-image-3427\" alt=\"\" srcset=\"https:\/\/displeu.dev.osalliance.com\/wp-content\/uploads\/2023\/09\/268bbeacab26bc5517566c61af058702-300x169.jpeg 300w, https:\/\/displeu.dev.osalliance.com\/wp-content\/uploads\/2023\/09\/268bbeacab26bc5517566c61af058702-1024x576.jpeg 1024w, https:\/\/displeu.dev.osalliance.com\/wp-content\/uploads\/2023\/09\/268bbeacab26bc5517566c61af058702-768x432.jpeg 768w, https:\/\/displeu.dev.osalliance.com\/wp-content\/uploads\/2023\/09\/268bbeacab26bc5517566c61af058702.jpeg 1184w\" sizes=\"(max-width: 300px) 100vw, 300px\" \/><\/div>\n\t\t<\/a>\n\t\t\t\t<div class=\"elementor-post__text\">\n\t\t\t\t<h3 class=\"elementor-post__title\">\n\t\t\t<a href=\"https:\/\/displeu.dev.osalliance.com\/sr\/article\/%d1%82%d0%b5%d1%81%d1%82-2-%d0%b5%d0%b2%d1%80%d0%be%d0%bf%d0%b0-%d0%bf%d0%be%d1%81%d0%bb%d0%b5-%d1%81%d0%bc%d1%80%d1%82%d0%b8-%d0%b4%d1%83%d1%88%d0%b5%d0%b2%d0%bd%d0%be%d0%b3-%d0%bc%d0%b8%d1%80%d0%b0\/\" >\n\t\t\t\t\u0422\u0435\u0441\u0442 2 \u0415\u0432\u0440\u043e\u043f\u0430 \u043f\u043e\u0441\u043b\u0435 \u0441\u043c\u0440\u0442\u0438 \u0434\u0443\u0448\u0435\u0432\u043d\u043e\u0433 \u043c\u0438\u0440\u0430\t\t\t<\/a>\n\t\t<\/h3>\n\t\t\t\t<div class=\"elementor-post__meta-data\">\n\t\t\t\t\t<span class=\"elementor-post-date\">\n\t\t\t\u0458\u0443\u043d 17, 2024\t\t<\/span>\n\t\t\t\t<span class=\"elementor-post-avatar\">\n\t\t\t\u041d\u0435\u043c\u0430 \u043a\u043e\u043c\u0435\u043d\u0442\u0430\u0440\u0430\t\t<\/span>\n\t\t\t\t<\/div>\n\t\t\t\t<div class=\"elementor-post__excerpt\">\n\t\t\t<p>\u0414\u0438\u0435 \u0420\u0435\u0441\u0438\u0433\u043d\u0430\u0442\u0438\u043e\u043d \u0433\u0435\u0433\u0435\u043d\u0443\u0431\u0435\u0440 \u0434\u0435\u043c \u041a\u0440\u0438\u0435\u0433 \u0438\u043d \u0434\u0435\u0440 \u0423\u043a\u0440\u0430\u0438\u043d\u0435 \u0438\u0433\u043d\u043e\u0440\u0438\u0435\u0440\u0442 \u043d\u0438\u0446\u0445\u0442 \u043d\u0443\u0440 \u0434\u0438\u0435 \u0430\u043d\u0445\u0430\u043b\u0442\u0435\u043d\u0434\u0435\u043d \u0413\u0440\u0430\u0443\u0435\u043b\u0442\u0430\u0442\u0435\u043d, \u0441\u043e\u043d\u0434\u0435\u0440\u043d \u0430\u0443\u0446\u0445 \u0434\u0435\u0440\u0435\u043d \u0410\u0443\u0441\u0432\u0438\u0440\u043a\u0443\u043d\u0433\u0435\u043d \u0430\u0443\u0444 \u0434\u0438\u0435 \u0437\u0443\u0433\u0440\u0443\u043d\u0434\u0435 \u043b\u0438\u0435\u0433\u0435\u043d\u0434\u0435\u043d \u0435\u0443\u0440\u043e\u043f\u0430\u0438\u0441\u0446\u0445\u0435\u043d \u041d\u0430\u0440\u0440\u0430\u0442\u0438\u0432\u0435. \u0408\u0435\u0442\u0437\u0442<\/p>\n\t\t<\/div>\n\t\t\n\t\t<a class=\"elementor-post__read-more\" href=\"https:\/\/displeu.dev.osalliance.com\/sr\/article\/%d1%82%d0%b5%d1%81%d1%82-2-%d0%b5%d0%b2%d1%80%d0%be%d0%bf%d0%b0-%d0%bf%d0%be%d1%81%d0%bb%d0%b5-%d1%81%d0%bc%d1%80%d1%82%d0%b8-%d0%b4%d1%83%d1%88%d0%b5%d0%b2%d0%bd%d0%be%d0%b3-%d0%bc%d0%b8%d1%80%d0%b0\/\" aria-label=\"Read more about \u0422\u0435\u0441\u0442 2 \u0415\u0432\u0440\u043e\u043f\u0430 \u043f\u043e\u0441\u043b\u0435 \u0441\u043c\u0440\u0442\u0438 \u0434\u0443\u0448\u0435\u0432\u043d\u043e\u0433 \u043c\u0438\u0440\u0430\" tabindex=\"-1\" >\n\t\t\tRead More \u00bb\t\t<\/a>\n\n\t\t\t\t<\/div>\n\t\t\t\t<\/article>\n\t\t\t\t<article class=\"elementor-post elementor-grid-item post-12089 article type-article status-publish has-post-thumbnail hentry author-m-akyel\">\n\t\t\t\t<a class=\"elementor-post__thumbnail__link\" href=\"https:\/\/displeu.dev.osalliance.com\/sr\/article\/%d1%82%d0%b5%d1%81%d1%82-1-%d0%b5%d0%b2%d1%80%d0%be%d0%bf%d0%b0-%d0%bf%d0%be%d1%81%d0%bb%d0%b5-%d1%81%d0%bc%d1%80%d1%82%d0%b8-%d0%b4%d1%83%d1%88%d0%b5%d0%b2%d0%bd%d0%be%d0%b3-%d0%bc%d0%b8%d1%80%d0%b0\/\" tabindex=\"-1\" >\n\t\t\t<div class=\"elementor-post__thumbnail\"><img decoding=\"async\" width=\"300\" height=\"169\" src=\"https:\/\/displeu.dev.osalliance.com\/wp-content\/uploads\/2023\/09\/268bbeacab26bc5517566c61af058702-300x169.jpeg\" class=\"attachment-medium size-medium wp-image-3427\" alt=\"\" srcset=\"https:\/\/displeu.dev.osalliance.com\/wp-content\/uploads\/2023\/09\/268bbeacab26bc5517566c61af058702-300x169.jpeg 300w, https:\/\/displeu.dev.osalliance.com\/wp-content\/uploads\/2023\/09\/268bbeacab26bc5517566c61af058702-1024x576.jpeg 1024w, https:\/\/displeu.dev.osalliance.com\/wp-content\/uploads\/2023\/09\/268bbeacab26bc5517566c61af058702-768x432.jpeg 768w, https:\/\/displeu.dev.osalliance.com\/wp-content\/uploads\/2023\/09\/268bbeacab26bc5517566c61af058702.jpeg 1184w\" sizes=\"(max-width: 300px) 100vw, 300px\" \/><\/div>\n\t\t<\/a>\n\t\t\t\t<div class=\"elementor-post__text\">\n\t\t\t\t<h3 class=\"elementor-post__title\">\n\t\t\t<a href=\"https:\/\/displeu.dev.osalliance.com\/sr\/article\/%d1%82%d0%b5%d1%81%d1%82-1-%d0%b5%d0%b2%d1%80%d0%be%d0%bf%d0%b0-%d0%bf%d0%be%d1%81%d0%bb%d0%b5-%d1%81%d0%bc%d1%80%d1%82%d0%b8-%d0%b4%d1%83%d1%88%d0%b5%d0%b2%d0%bd%d0%be%d0%b3-%d0%bc%d0%b8%d1%80%d0%b0\/\" >\n\t\t\t\t\u0422\u0435\u0441\u0442 1 \u0415\u0432\u0440\u043e\u043f\u0430 \u043f\u043e\u0441\u043b\u0435 \u0441\u043c\u0440\u0442\u0438 \u0434\u0443\u0448\u0435\u0432\u043d\u043e\u0433 \u043c\u0438\u0440\u0430\t\t\t<\/a>\n\t\t<\/h3>\n\t\t\t\t<div class=\"elementor-post__meta-data\">\n\t\t\t\t\t<span class=\"elementor-post-date\">\n\t\t\t\u0458\u0443\u043d 17, 2024\t\t<\/span>\n\t\t\t\t<span class=\"elementor-post-avatar\">\n\t\t\t\u041d\u0435\u043c\u0430 \u043a\u043e\u043c\u0435\u043d\u0442\u0430\u0440\u0430\t\t<\/span>\n\t\t\t\t<\/div>\n\t\t\t\t<div class=\"elementor-post__excerpt\">\n\t\t\t<p>\u0414\u0438\u0435 \u0420\u0435\u0441\u0438\u0433\u043d\u0430\u0442\u0438\u043e\u043d \u0433\u0435\u0433\u0435\u043d\u0443\u0431\u0435\u0440 \u0434\u0435\u043c \u041a\u0440\u0438\u0435\u0433 \u0438\u043d \u0434\u0435\u0440 \u0423\u043a\u0440\u0430\u0438\u043d\u0435 \u0438\u0433\u043d\u043e\u0440\u0438\u0435\u0440\u0442 \u043d\u0438\u0446\u0445\u0442 \u043d\u0443\u0440 \u0434\u0438\u0435 \u0430\u043d\u0445\u0430\u043b\u0442\u0435\u043d\u0434\u0435\u043d \u0413\u0440\u0430\u0443\u0435\u043b\u0442\u0430\u0442\u0435\u043d, \u0441\u043e\u043d\u0434\u0435\u0440\u043d \u0430\u0443\u0446\u0445 \u0434\u0435\u0440\u0435\u043d \u0410\u0443\u0441\u0432\u0438\u0440\u043a\u0443\u043d\u0433\u0435\u043d \u0430\u0443\u0444 \u0434\u0438\u0435 \u0437\u0443\u0433\u0440\u0443\u043d\u0434\u0435 \u043b\u0438\u0435\u0433\u0435\u043d\u0434\u0435\u043d \u0435\u0443\u0440\u043e\u043f\u0430\u0438\u0441\u0446\u0445\u0435\u043d \u041d\u0430\u0440\u0440\u0430\u0442\u0438\u0432\u0435. \u0408\u0435\u0442\u0437\u0442<\/p>\n\t\t<\/div>\n\t\t\n\t\t<a class=\"elementor-post__read-more\" href=\"https:\/\/displeu.dev.osalliance.com\/sr\/article\/%d1%82%d0%b5%d1%81%d1%82-1-%d0%b5%d0%b2%d1%80%d0%be%d0%bf%d0%b0-%d0%bf%d0%be%d1%81%d0%bb%d0%b5-%d1%81%d0%bc%d1%80%d1%82%d0%b8-%d0%b4%d1%83%d1%88%d0%b5%d0%b2%d0%bd%d0%be%d0%b3-%d0%bc%d0%b8%d1%80%d0%b0\/\" aria-label=\"Read more about \u0422\u0435\u0441\u0442 1 \u0415\u0432\u0440\u043e\u043f\u0430 \u043f\u043e\u0441\u043b\u0435 \u0441\u043c\u0440\u0442\u0438 \u0434\u0443\u0448\u0435\u0432\u043d\u043e\u0433 \u043c\u0438\u0440\u0430\" tabindex=\"-1\" >\n\t\t\tRead More \u00bb\t\t<\/a>\n\n\t\t\t\t<\/div>\n\t\t\t\t<\/article>\n\t\t\t\t<\/div>\n\t\t\n\t\t\t\t<\/div>\n\t\t\t\t<\/div>\n\t\t\t\t\t<\/div>\n\t\t\t\t<\/div>\n\t\t\t\t<\/div>\n\t\t","protected":false},"excerpt":{"rendered":"","protected":false},"author":1,"featured_media":0,"parent":0,"menu_order":0,"comment_status":"closed","ping_status":"closed","template":"elementor_header_footer","meta":{"_acf_changed":false,"footnotes":""},"class_list":["post-10413","page","type-page","status-publish","hentry"],"acf":[],"_links":{"self":[{"href":"https:\/\/displeu.dev.osalliance.com\/sr\/wp-json\/wp\/v2\/pages\/10413","targetHints":{"allow":["GET"]}}],"collection":[{"href":"https:\/\/displeu.dev.osalliance.com\/sr\/wp-json\/wp\/v2\/pages"}],"about":[{"href":"https:\/\/displeu.dev.osalliance.com\/sr\/wp-json\/wp\/v2\/types\/page"}],"author":[{"embeddable":true,"href":"https:\/\/displeu.dev.osalliance.com\/sr\/wp-json\/wp\/v2\/users\/1"}],"replies":[{"embeddable":true,"href":"https:\/\/displeu.dev.osalliance.com\/sr\/wp-json\/wp\/v2\/comments?post=10413"}],"version-history":[{"count":0,"href":"https:\/\/displeu.dev.osalliance.com\/sr\/wp-json\/wp\/v2\/pages\/10413\/revisions"}],"wp:attachment":[{"href":"https:\/\/displeu.dev.osalliance.com\/sr\/wp-json\/wp\/v2\/media?parent=10413"}],"curies":[{"name":"wp","href":"https:\/\/api.w.org\/{rel}","templated":true}]}}